{"id":4354,"date":"2017-05-05T10:50:45","date_gmt":"2017-05-05T09:50:45","guid":{"rendered":"https:\/\/www.turtlesbeach.com\/kontakt\/"},"modified":"2024-03-26T04:41:27","modified_gmt":"2024-03-26T04:41:27","slug":"kontakt","status":"publish","type":"page","link":"https:\/\/www.turtlesbeach.com\/de\/kontakt\/","title":{"rendered":"Kontakt"},"content":{"rendered":"<div class=\"wpb-content-wrapper\"><p>[vc_row full_width=&#8221;stretch_row_content&#8221; equal_height=&#8221;yes&#8221; css=&#8221;.vc_custom_1710502733188{margin-bottom: 48px !important;}&#8221;][vc_column css=&#8221;.vc_custom_1494336662073{padding-right: 24px !important;}&#8221;][vc_row_inner][vc_column_inner][vc_gmaps link=&#8221;#E-8_JTNDaWZyYW1lJTIwc3JjJTNEJTIyaHR0cHMlM0ElMkYlMkZ3d3cuZ29vZ2xlLmNvbSUyRm1hcHMlMkZlbWJlZCUzRnBiJTNEJTIxMW0xOCUyMTFtMTIlMjExbTMlMjExZDM1NDUuMzczMzUwMzExMDA2NiUyMTJkMzMuNzQ2MjEyODc1ODE2NTglMjEzZDI3LjMwMTUwMTc0MzI3NDAzJTIxMm0zJTIxMWYwJTIxMmYwJTIxM2YwJTIxM20yJTIxMWkxMDI0JTIxMmk3NjglMjE0ZjEzLjElMjEzbTMlMjExbTIlMjExczB4MTQ1MjYzMjA0YWM0ZGUzYiUyNTNBMHhlZGZlN2NkZWY3YzZhY2FiJTIxMnNUdXJ0bGVzJTI1MjBCZWFjaCUyNTIwUmVzb3J0JTI1MjBIdXJnaGFkYSUyMTVlMCUyMTNtMiUyMTFzZGUlMjEyc2VnJTIxNHYxNzExNDI4MDU0NTY1JTIxNW0yJTIxMXNkZSUyMTJzZWclMjIlMjB3aWR0aCUzRCUyMjYwMCUyMiUyMGhlaWdodCUzRCUyMjQ1MCUyMiUyMHN0eWxlJTNEJTIyYm9yZGVyJTNBMCUzQiUyMiUyMGFsbG93ZnVsbHNjcmVlbiUzRCUyMiUyMiUyMGxvYWRpbmclM0QlMjJsYXp5JTIyJTIwcmVmZXJyZXJwb2xpY3klM0QlMjJuby1yZWZlcnJlci13aGVuLWRvd25ncmFkZSUyMiUzRSUzQyUyRmlmcmFtZSUzRQ==&#8221; css=&#8221;.vc_custom_1711428082434{margin-top: 0px !important;margin-right: 0px !important;margin-bottom: 0px !important;margin-left: 0px !important;border-top-width: 0px !important;border-right-width: 0px !important;border-bottom-width: 0px !important;border-left-width: 0px !important;padding-top: 0px !important;padding-right: 0px !important;padding-bottom: 0px !important;padding-left: 0px !important;}&#8221;][\/vc_column_inner][\/vc_row_inner][\/vc_column][\/vc_row][vc_row][vc_column]<div class=\" \">\r\n\t\r\n        <div class=\"mh-heading-wrapper\">\r\n            <h1            class=\"mh-heading   mh-font-size-xxxl  \"\r\n            style=\"font-weight:700;\">\r\n\t\t\tKontakt zum Team von Turtles Beach        <\/h1>\r\n\r\n\t\t    <\/div>\r\n\r\n\t<\/div>[vc_separator][\/vc_column][\/vc_row][vc_section][vc_row][vc_column width=&#8221;1\/3&#8243;]<div class=\"mh-heading-wrapper--left \">\r\n\t\r\n        <div class=\"mh-heading-wrapper\">\r\n            <h3            class=\"mh-heading  mh-heading--bottom-separator   \"\r\n            style=\"font-weight:700;\">\r\n\t\t\tW\u00c4HLEN SIE DIE ABTEILUNG        <\/h3>\r\n\r\n\t\t    <\/div>\r\n\r\n\t<\/div>[vc_tta_tabs][vc_tta_section title=&#8221;Verkaufsteam&#8221; tab_id=&#8221;1710498983352-547cea6c-193a&#8221;]\n<div class=\"wpcf7 no-js\" id=\"wpcf7-f4337-o1\" lang=\"de-DE\" dir=\"ltr\" data-wpcf7-id=\"4337\">\n<div class=\"screen-reader-response\"><p role=\"status\" aria-live=\"polite\" aria-atomic=\"true\"><\/p> <ul><\/ul><\/div>\n<form action=\"\/de\/wp-json\/wp\/v2\/pages\/4354#wpcf7-f4337-o1\" method=\"post\" class=\"wpcf7-form init\" aria-label=\"Kontaktformular\" novalidate=\"novalidate\" data-status=\"init\">\n<fieldset class=\"hidden-fields-container\"><input type=\"hidden\" name=\"_wpcf7\" value=\"4337\" \/><input type=\"hidden\" name=\"_wpcf7_version\" value=\"6.1.5\" \/><input type=\"hidden\" name=\"_wpcf7_locale\" value=\"de_DE\" \/><input type=\"hidden\" name=\"_wpcf7_unit_tag\" value=\"wpcf7-f4337-o1\" \/><input type=\"hidden\" name=\"_wpcf7_container_post\" value=\"0\" \/><input type=\"hidden\" name=\"_wpcf7_posted_data_hash\" value=\"\" \/>\n<\/fieldset>\n<p><label><span class=\"wpcf7-form-control-wrap\" data-name=\"your-name\"><input size=\"40\" maxlength=\"400\" class=\"wpcf7-form-control wpcf7-text wpcf7-validates-as-required\" aria-required=\"true\" aria-invalid=\"false\" placeholder=\"Your name*\" value=\"\" type=\"text\" name=\"your-name\" \/><\/span><\/label><label><span class=\"wpcf7-form-control-wrap\" data-name=\"your-email\"><input size=\"40\" maxlength=\"400\" class=\"wpcf7-form-control wpcf7-email wpcf7-validates-as-required wpcf7-text wpcf7-validates-as-email\" aria-required=\"true\" aria-invalid=\"false\" placeholder=\"Your email*\" value=\"\" type=\"email\" name=\"your-email\" \/><\/span><\/label><label><span class=\"wpcf7-form-control-wrap\" data-name=\"your-subject\"><input size=\"40\" maxlength=\"400\" class=\"wpcf7-form-control wpcf7-text\" aria-invalid=\"false\" placeholder=\"Subject\" value=\"\" type=\"text\" name=\"your-subject\" \/><\/span> <\/label><label><span class=\"wpcf7-form-control-wrap\" data-name=\"your-message\"><textarea cols=\"40\" rows=\"10\" maxlength=\"2000\" class=\"wpcf7-form-control wpcf7-textarea\" aria-invalid=\"false\" placeholder=\"Your message\" name=\"your-message\"><\/textarea><\/span> <\/label><input class=\"wpcf7-form-control wpcf7-submit has-spinner\" type=\"submit\" value=\"Send\" \/>\n<\/p><div class=\"wpcf7-response-output\" aria-hidden=\"true\"><\/div>\n<\/form>\n<\/div>\n[\/vc_tta_section][vc_tta_section title=&#8221;Management&#8221; tab_id=&#8221;1710498983362-062bec2f-6bf2&#8243;]\n<div class=\"wpcf7 no-js\" id=\"wpcf7-f4423-o2\" lang=\"de-DE\" dir=\"ltr\" data-wpcf7-id=\"4423\">\n<div class=\"screen-reader-response\"><p role=\"status\" aria-live=\"polite\" aria-atomic=\"true\"><\/p> <ul><\/ul><\/div>\n<form action=\"\/de\/wp-json\/wp\/v2\/pages\/4354#wpcf7-f4423-o2\" method=\"post\" class=\"wpcf7-form init\" aria-label=\"Kontaktformular\" novalidate=\"novalidate\" data-status=\"init\">\n<fieldset class=\"hidden-fields-container\"><input type=\"hidden\" name=\"_wpcf7\" value=\"4423\" \/><input type=\"hidden\" name=\"_wpcf7_version\" value=\"6.1.5\" \/><input type=\"hidden\" name=\"_wpcf7_locale\" value=\"de_DE\" \/><input type=\"hidden\" name=\"_wpcf7_unit_tag\" value=\"wpcf7-f4423-o2\" \/><input type=\"hidden\" name=\"_wpcf7_container_post\" value=\"0\" \/><input type=\"hidden\" name=\"_wpcf7_posted_data_hash\" value=\"\" \/>\n<\/fieldset>\n<p><label><span class=\"wpcf7-form-control-wrap\" data-name=\"your-name\"><input size=\"40\" maxlength=\"400\" class=\"wpcf7-form-control wpcf7-text\" aria-invalid=\"false\" placeholder=\"Ihr Name\" value=\"\" type=\"text\" name=\"your-name\" \/><\/span><\/label><label><span class=\"wpcf7-form-control-wrap\" data-name=\"your-phone\"><input size=\"40\" maxlength=\"400\" class=\"wpcf7-form-control wpcf7-tel wpcf7-text wpcf7-validates-as-tel\" aria-invalid=\"false\" placeholder=\"Telefon\" value=\"\" type=\"tel\" name=\"your-phone\" \/><\/span><\/label><label><span class=\"wpcf7-form-control-wrap\" data-name=\"your-email\"><input size=\"40\" maxlength=\"400\" class=\"wpcf7-form-control wpcf7-email wpcf7-validates-as-required wpcf7-text wpcf7-validates-as-email\" aria-required=\"true\" aria-invalid=\"false\" placeholder=\"Email\" value=\"\" type=\"email\" name=\"your-email\" \/><\/span><\/label><label><span class=\"wpcf7-form-control-wrap\" data-name=\"your-message\"><textarea cols=\"40\" rows=\"10\" maxlength=\"2000\" class=\"wpcf7-form-control wpcf7-textarea\" aria-invalid=\"false\" placeholder=\"Ihre Nachricht\" name=\"your-message\"><\/textarea><\/span><\/label><input class=\"wpcf7-form-control wpcf7-submit has-spinner\" type=\"submit\" value=\"Senden\" \/>\n<\/p><div class=\"wpcf7-response-output\" aria-hidden=\"true\"><\/div>\n<\/form>\n<\/div>\n[\/vc_tta_section][\/vc_tta_tabs][\/vc_column][vc_column width=&#8221;1\/3&#8243;][vc_column_text]<strong>Vertrieb<\/strong>: Unser Verkaufsteam ist v\u00f6llig autark und beantwortet Ihnen kompetent alle Fragen zu den verf\u00fcgbaren Wohnungen in Turtles Beach. Sowohl f\u00fcr den Wiederverkauf als auch f\u00fcr den erstmaligen Kauf. Bitte beachten Sie, dass unser Verkaufspersonal keine Fragen zur Verwaltung oder Vermietung beantworten kann.<\/p>\n<p><strong>Arbeitszeiten<\/strong>: Montag-Freitag von 9.00 bis 17.00 Uhr<\/p>\n<p><strong>E-Mail<\/strong>: sales [at] turtlesbeach.com<\/p>\n<p><strong>Telefon (EN \/ RU)<\/strong>: +2 0128 651 2103<br \/>\n<strong>Telefon (EN \/ DE)<\/strong>: +2 0128 651 1894<\/p>\n<p><strong>Anschrift<\/strong>: Bestway Street, Geb\u00e4ude 9,<br \/>\n2. Stock, 84512 Hurghada<\/p>\n<p><strong>Verwaltung<\/strong>: Sie k\u00f6nnen die TBR-Verwaltung nur per E-Mail erreichen (benutzen Sie bitte das Formular auf dieser Seite). Aus organisatorischen Gr\u00fcnden gibt es hier keine Telefonnummer. Die Verwaltung beantwortet Ihre Fragen zu zus\u00e4tzlichen Kosten, nimmt Reparaturauftr\u00e4ge entgegen und informiert Sie \u00fcber Neuigkeiten.<\/p>\n<p><strong>Vermietung<\/strong>: Alles, was mit der Vermietung zusammenh\u00e4ngt, wird ebenfalls direkt am Turtles Beach abgewickelt. Bitte verwenden Sie das gleiche Formular. Wir sorgen daf\u00fcr, dass Ihre Anfrage die richtigen Mitarbeiter erreicht.<\/p>\n<p><strong>Arbeitszeiten<\/strong>: Montag-Sonntag von 9.00 bis 17.00 Uhr[\/vc_column_text][easy-profiles template=&#8221;metro&#8221; profile_facebook=&#8221;#&#8221; profile_twitter=&#8221;#&#8221; profile_linkedin=&#8221;#&#8221; profile_instgram=&#8221;#&#8221; profile_youtube=&#8221;#&#8221;][\/vc_column][vc_column width=&#8221;1\/3&#8243;][vc_single_image image=&#8221;3752&#8243; img_size=&#8221;medium&#8221;]<div class=\" \">\r\n\t\r\n        <div class=\"mh-heading-wrapper\">\r\n            <h3            class=\"mh-heading  mh-heading--bottom-separator   \"\r\n            style=\"font-weight:700;\">\r\n\t\t\tUnd das bieten wir an !        <\/h3>\r\n\r\n\t\t    <\/div>\r\n\r\n\t<\/div>[vc_column_text]Bei uns erhalten Sie ein au\u00dfergew\u00f6hnliches Ma\u00df an Betreuung und Fachwissen f\u00fcr alle Ihre Immobilienfragen. Die erfahrenen Vertriebsmitarbeiter unseres Unternehmens bieten Ihnen umfassende Branchenerfahrung, lokale Kenntnisse und pers\u00f6nliche Unterst\u00fctzung bei Ihrer individuellen Immobiliensuche.<\/p>\n<p><strong>Montag-Freitag:<\/strong> 9 Uhr bis 17 Uhr<br \/>\n<strong>Samstag:<\/strong> Geschlossen<br \/>\n<strong>Sonntag:<\/strong> Geschlossen[\/vc_column_text][\/vc_column][\/vc_row][\/vc_section]<\/p>\n<\/div>","protected":false},"excerpt":{"rendered":"<p>[vc_row full_width=&#8221;stretch_row_content&#8221; equal_height=&#8221;yes&#8221; css=&#8221;.vc_custom_1710502733188{margin-bottom: 48px !important;}&#8221;][vc_column css=&#8221;.vc_custom_1494336662073{padding-right: 24px !important;}&#8221;][vc_row_inner][vc_column_inner][vc_gmaps link=&#8221;#E-8_JTNDaWZyYW1lJTIwc3JjJTNEJTIyaHR0cHMlM0ElMkYlMkZ3d3cuZ29vZ2xlLmNvbSUyRm1hcHMlMkZlbWJlZCUzRnBiJTNEJTIxMW0xOCUyMTFtMTIlMjExbTMlMjExZDM1NDUuMzczMzUwMzExMDA2NiUyMTJkMzMuNzQ2MjEyODc1ODE2NTglMjEzZDI3LjMwMTUwMTc0MzI3NDAzJTIxMm0zJTIxMWYwJTIxMmYwJTIxM2YwJTIxM20yJTIxMWkxMDI0JTIxMmk3NjglMjE0ZjEzLjElMjEzbTMlMjExbTIlMjExczB4MTQ1MjYzMjA0YWM0ZGUzYiUyNTNBMHhlZGZlN2NkZWY3YzZhY2FiJTIxMnNUdXJ0bGVzJTI1MjBCZWFjaCUyNTIwUmVzb3J0JTI1MjBIdXJnaGFkYSUyMTVlMCUyMTNtMiUyMTFzZGUlMjEyc2VnJTIxNHYxNzExNDI4MDU0NTY1JTIxNW0yJTIxMXNkZSUyMTJzZWclMjIlMjB3aWR0aCUzRCUyMjYwMCUyMiUyMGhlaWdodCUzRCUyMjQ1MCUyMiUyMHN0eWxlJTNEJTIyYm9yZGVyJTNBMCUzQiUyMiUyMGFsbG93ZnVsbHNjcmVlbiUzRCUyMiUyMiUyMGxvYWRpbmclM0QlMjJsYXp5JTIyJTIwcmVmZXJyZXJwb2xpY3klM0QlMjJuby1yZWZlcnJlci13aGVuLWRvd25ncmFkZSUyMiUzRSUzQyUyRmlmcmFtZSUzRQ==&#8221; css=&#8221;.vc_custom_1711428082434{margin-top: 0px !important;margin-right: 0px !important;margin-bottom: 0px !important;margin-left: 0px !important;border-top-width: 0px !important;border-right-width: 0px !important;border-bottom-width: 0px !important;border-left-width: 0px !important;padding-top: 0px !important;padding-right: 0px !important;padding-bottom: 0px !important;padding-left: 0px !important;}&#8221;][\/vc_column_inner][\/vc_row_inner][\/vc_column][\/vc_row][vc_row][vc_column][vc_separator][\/vc_column][\/vc_row][vc_section][vc_row][vc_column width=&#8221;1\/3&#8243;][vc_tta_tabs][vc_tta_section title=&#8221;Verkaufsteam&#8221; tab_id=&#8221;1710498983352-547cea6c-193a&#8221;][\/vc_tta_section][vc_tta_section title=&#8221;Management&#8221; tab_id=&#8221;1710498983362-062bec2f-6bf2&#8243;][\/vc_tta_section][\/vc_tta_tabs][\/vc_column][vc_column width=&#8221;1\/3&#8243;][vc_column_text]Vertrieb: Unser Verkaufsteam ist v\u00f6llig autark und beantwortet Ihnen kompetent alle Fragen zu den verf\u00fcgbaren [&hellip;]<\/p>\n","protected":false},"author":1,"featured_media":0,"parent":0,"menu_order":0,"comment_status":"closed","ping_status":"closed","template":"page_full-width.php","meta":{"_acf_changed":false,"footnotes":""},"class_list":["post-4354","page","type-page","status-publish","hentry"],"acf":[],"_links":{"self":[{"href":"https:\/\/www.turtlesbeach.com\/de\/wp-json\/wp\/v2\/pages\/4354","targetHints":{"allow":["GET"]}}],"collection":[{"href":"https:\/\/www.turtlesbeach.com\/de\/wp-json\/wp\/v2\/pages"}],"about":[{"href":"https:\/\/www.turtlesbeach.com\/de\/wp-json\/wp\/v2\/types\/page"}],"author":[{"embeddable":true,"href":"https:\/\/www.turtlesbeach.com\/de\/wp-json\/wp\/v2\/users\/1"}],"replies":[{"embeddable":true,"href":"https:\/\/www.turtlesbeach.com\/de\/wp-json\/wp\/v2\/comments?post=4354"}],"version-history":[{"count":0,"href":"https:\/\/www.turtlesbeach.com\/de\/wp-json\/wp\/v2\/pages\/4354\/revisions"}],"wp:attachment":[{"href":"https:\/\/www.turtlesbeach.com\/de\/wp-json\/wp\/v2\/media?parent=4354"}],"curies":[{"name":"wp","href":"https:\/\/api.w.org\/{rel}","templated":true}]}}