{"id":4362,"date":"2017-05-05T10:50:45","date_gmt":"2017-05-05T09:50:45","guid":{"rendered":"https:\/\/www.turtlesbeach.com\/vorteile\/"},"modified":"2024-04-03T10:05:02","modified_gmt":"2024-04-03T09:05:02","slug":"vorteile","status":"publish","type":"page","link":"https:\/\/www.turtlesbeach.com\/de\/vorteile\/","title":{"rendered":"Vorteile"},"content":{"rendered":"<div class=\"wpb-content-wrapper\"><p>[vc_row full_width=&#8221;stretch_row&#8221; css=&#8221;.vc_custom_1710510373096{background-image: url(https:\/\/www.turtlesbeach.com\/wp-content\/uploads\/2024\/03\/LPP-TBR-PICS_153.jpeg?id=3806) !important;background-position: center !important;background-repeat: no-repeat !important;background-size: cover !important;}&#8221;][vc_column]<div class=\" \">\r\n\t\r\n        <div class=\"mh-heading-wrapper\">\r\n            <h2            class=\"mh-heading  mh-heading--bottom-separator   \"\r\n            style=\"font-weight:700;\">\r\n\t\t\tVorteile im Turtles Beach        <\/h2>\r\n\r\n\t\t    <\/div>\r\n\r\n\t<\/div>[\/vc_column][\/vc_row][vc_row][vc_column][vc_column_text]Wir alle brauchen irgendwann einmal Urlaub. Und genau daf\u00fcr ist der Turtles Beach perfekt geeignet. Ob Sie unser Gast oder der Eigent\u00fcmer sind, Sie werden das Turtles Beach Resort zu sch\u00e4tzen wissen. Der Komplex wurde so angelegt, dass man sich wirklich entspannen kann. Sei es an unserem herrlichen Strand mit seinen Sonnenschirmen und Liegen oder am Pool bei einem leckeren Drink.<\/p>\n<p>Unser Personal ist nat\u00fcrlich sehr herzlich und wird Sie so gut wie m\u00f6glich verw\u00f6hnen. Es gibt auch keine l\u00e4stigen Strandverk\u00e4ufer, die Ihnen Souvenirs oder irgendwelche Ausfl\u00fcge verkaufen wollen.[\/vc_column_text][\/vc_column][\/vc_row][vc_row][vc_column width=&#8221;1\/2&#8243;]<div class=\"flip-box-wrap\" style=\"\"><div class=\"flip-box ifb-jq-height  horizontal_flip_left flip-ifb-jq-height\"  style=\"\" ><div class=\"ifb-flip-box\" id=\"flip-box-wrap-6337\"><div class=\"ifb-face ifb-front \" style=\"color:#1f6015; border-width: 2px;border-style: solid; border-color:#a4a4a4; border-radius: 0px;\">\n\t\t\t\t\t\t\t<div class=\"ifb-flip-box-section \">\n\t\t\t\t\t\t\t<div class=\"flip-box-icon\"><div class=\"ult-just-icon-wrapper  \"><div class=\"align-icon\" style=\"text-align:center;\">\n<div class=\"aio-icon none \"  style=\"color:#1f6015;font-size:32px;display:inline-block;\">\n\t<i class=\"Defaults-sun-o\"><\/i>\n<\/div><\/div><\/div><\/div><h3 class=\"ult-responsive flipbox_heading\"  data-ultimate-target='#flip-box-wrap-6337 .ult-responsive.flipbox_heading'  data-responsive-json-new='{\"font-size\":\"\",\"line-height\":\"\"}'  style=\"color:#1f6015; \">Wunderbarer Privatstrand<\/h3><\/div><\/div><!-- END .front -->\n\t\t\t\t\t\t<div class=\"ifb-face ifb-back\" style=\"color:#1f6015; border-width: 2px;border-style: solid; border-color:#a4a4a4; border-radius: 0px;\">\n\t\t\t\t\t\t\t<div class=\"ifb-flip-box-section \"><h3 class=\"ult-responsive flipbox_heading\"  data-ultimate-target='#flip-box-wrap-6337 .ult-responsive.flipbox_heading'  data-responsive-json-new='{\"font-size\":\"\",\"line-height\":\"\"}'  style=\"color:#1f6015; \">Der herrliche Privatstrand mit goldenem Ufer und das rote Meer mit seinem kristallblauen Farbenspiel sind einfach atemberaubend und erfreuen nicht nur das Auge, sondern auch das Herz.<\/h3><\/div><\/div><!-- END .back --><\/div> <!-- ifb-flip-box --><\/div> <!-- flip-box --><\/div><!-- End icon block --><div class=\"flip-box-wrap\" style=\"\"><div class=\"flip-box ifb-jq-height  horizontal_flip_left flip-ifb-jq-height\"  style=\"\" ><div class=\"ifb-flip-box\" id=\"flip-box-wrap-8211\"><div class=\"ifb-face ifb-front \" style=\"color:#1f6015; border-width: 2px;border-style: solid; border-color:#a4a4a4; border-radius: 0px;\">\n\t\t\t\t\t\t\t<div class=\"ifb-flip-box-section \">\n\t\t\t\t\t\t\t<div class=\"flip-box-icon\"><div class=\"ult-just-icon-wrapper  \"><div class=\"align-icon\" style=\"text-align:center;\">\n<div class=\"aio-icon none \"  style=\"color:#1f6015;font-size:32px;display:inline-block;\">\n\t<i class=\"Defaults-cutlery\"><\/i>\n<\/div><\/div><\/div><\/div><h3 class=\"ult-responsive flipbox_heading\"  data-ultimate-target='#flip-box-wrap-8211 .ult-responsive.flipbox_heading'  data-responsive-json-new='{\"font-size\":\"\",\"line-height\":\"\"}'  style=\"color:#1f6015; \">Strandbar und Restaurant<\/h3><\/div><\/div><!-- END .front -->\n\t\t\t\t\t\t<div class=\"ifb-face ifb-back\" style=\"color:#1f6015; border-width: 2px;border-style: solid; border-color:#a4a4a4; border-radius: 0px;\">\n\t\t\t\t\t\t\t<div class=\"ifb-flip-box-section \"><h3 class=\"ult-responsive flipbox_heading\"  data-ultimate-target='#flip-box-wrap-8211 .ult-responsive.flipbox_heading'  data-responsive-json-new='{\"font-size\":\"\",\"line-height\":\"\"}'  style=\"color:#1f6015; \">Die Strandbar und das Restaurant sind von 9:00 bis 22:00 Uhr ge\u00f6ffnet (bei Bedarf auch l\u00e4nger). Dort k\u00f6nnen Sie leckeres Essen bestellen - sowohl zum Strand als auch in der Wohnung.<\/h3><\/div><\/div><!-- END .back --><\/div> <!-- ifb-flip-box --><\/div> <!-- flip-box --><\/div><!-- End icon block -->[\/vc_column][vc_column width=&#8221;1\/2&#8243;]<div class=\"flip-box-wrap\" style=\"\"><div class=\"flip-box ifb-jq-height  horizontal_flip_left flip-ifb-jq-height\"  style=\"\" ><div class=\"ifb-flip-box\" id=\"flip-box-wrap-3322\"><div class=\"ifb-face ifb-front \" style=\"color:#1f6015; border-width: 2px;border-style: solid; border-color:#a4a4a4; border-radius: 0px;\">\n\t\t\t\t\t\t\t<div class=\"ifb-flip-box-section \">\n\t\t\t\t\t\t\t<div class=\"flip-box-icon\"><div class=\"ult-just-icon-wrapper  \"><div class=\"align-icon\" style=\"text-align:center;\">\n<div class=\"aio-icon none \"  style=\"color:#1f6015;font-size:32px;display:inline-block;\">\n\t<i class=\"Defaults-life-bouy life-buoy life-ring life-saver support\"><\/i>\n<\/div><\/div><\/div><\/div><h3 class=\"ult-responsive flipbox_heading\"  data-ultimate-target='#flip-box-wrap-3322 .ult-responsive.flipbox_heading'  data-responsive-json-new='{\"font-size\":\"\",\"line-height\":\"\"}'  style=\"color:#1f6015; \">Verschiedene Pools und Whirlpools<\/h3><\/div><\/div><!-- END .front -->\n\t\t\t\t\t\t<div class=\"ifb-face ifb-back\" style=\"color:#1f6015; border-width: 2px;border-style: solid; border-color:#a4a4a4; border-radius: 0px;\">\n\t\t\t\t\t\t\t<div class=\"ifb-flip-box-section \"><h3 class=\"ult-responsive flipbox_heading\"  data-ultimate-target='#flip-box-wrap-3322 .ult-responsive.flipbox_heading'  data-responsive-json-new='{\"font-size\":\"\",\"line-height\":\"\"}'  style=\"color:#1f6015; \">Von unserem Turtles Pool und dem integrierten Jacuzzi haben Sie einen fantastischen Blick auf das Rote Meer. Der zweite Pool in der Mitte der Anlage eignet sich f\u00fcr ein morgendliches Bad.<\/h3><\/div><\/div><!-- END .back --><\/div> <!-- ifb-flip-box --><\/div> <!-- flip-box --><\/div><!-- End icon block --><div class=\"flip-box-wrap\" style=\"\"><div class=\"flip-box ifb-jq-height  horizontal_flip_left flip-ifb-jq-height\"  style=\"\" ><div class=\"ifb-flip-box\" id=\"flip-box-wrap-6158\"><div class=\"ifb-face ifb-front \" style=\"color:#1f6015; border-width: 2px;border-style: solid; border-color:#a4a4a4; border-radius: 0px;\">\n\t\t\t\t\t\t\t<div class=\"ifb-flip-box-section \">\n\t\t\t\t\t\t\t<div class=\"flip-box-icon\"><div class=\"ult-just-icon-wrapper  \"><div class=\"align-icon\" style=\"text-align:center;\">\n<div class=\"aio-icon none \"  style=\"color:#1f6015;font-size:32px;display:inline-block;\">\n\t<i class=\"Defaults-smile-o\"><\/i>\n<\/div><\/div><\/div><\/div><h3 class=\"ult-responsive flipbox_heading\"  data-ultimate-target='#flip-box-wrap-6158 .ult-responsive.flipbox_heading'  data-responsive-json-new='{\"font-size\":\"\",\"line-height\":\"\"}'  style=\"color:#1f6015; \">Mehr Annehmlichkeiten<\/h3><\/div><\/div><!-- END .front -->\n\t\t\t\t\t\t<div class=\"ifb-face ifb-back\" style=\"color:#1f6015; border-width: 2px;border-style: solid; border-color:#a4a4a4; border-radius: 0px;\">\n\t\t\t\t\t\t\t<div class=\"ifb-flip-box-section \"><h3 class=\"ult-responsive flipbox_heading\"  data-ultimate-target='#flip-box-wrap-6158 .ult-responsive.flipbox_heading'  data-responsive-json-new='{\"font-size\":\"\",\"line-height\":\"\"}'  style=\"color:#1f6015; \">Was gibt es sonst noch zu wissen? Um Ihren Aufenthalt so einfach und angenehm wie m\u00f6glich zu gestalten, bieten wir zus\u00e4tzliche Dienstleistungen an. Dazu geh\u00f6ren z. B. Wohnungsreinigung, W\u00e4scheservice, Internet und mehr.<\/h3><\/div><\/div><!-- END .back --><\/div> <!-- ifb-flip-box --><\/div> <!-- flip-box --><\/div><!-- End icon block -->[\/vc_column][\/vc_row]<\/p>\n<\/div>","protected":false},"excerpt":{"rendered":"<p>[vc_row full_width=&#8221;stretch_row&#8221; css=&#8221;.vc_custom_1710510373096{background-image: url(https:\/\/www.turtlesbeach.com\/wp-content\/uploads\/2024\/03\/LPP-TBR-PICS_153.jpeg?id=3806) !important;background-position: center !important;background-repeat: no-repeat !important;background-size: cover !important;}&#8221;][vc_column][\/vc_column][\/vc_row][vc_row][vc_column][vc_column_text]Wir alle brauchen irgendwann einmal Urlaub. Und genau daf\u00fcr ist der Turtles Beach perfekt geeignet. Ob Sie unser Gast oder der Eigent\u00fcmer sind, Sie werden das Turtles Beach Resort zu sch\u00e4tzen wissen. Der Komplex wurde so angelegt, dass man sich wirklich entspannen kann. Sei es [&hellip;]<\/p>\n","protected":false},"author":1,"featured_media":0,"parent":0,"menu_order":0,"comment_status":"closed","ping_status":"closed","template":"page_full-width.php","meta":{"_acf_changed":false,"footnotes":""},"class_list":["post-4362","page","type-page","status-publish","hentry"],"acf":[],"_links":{"self":[{"href":"https:\/\/www.turtlesbeach.com\/de\/wp-json\/wp\/v2\/pages\/4362","targetHints":{"allow":["GET"]}}],"collection":[{"href":"https:\/\/www.turtlesbeach.com\/de\/wp-json\/wp\/v2\/pages"}],"about":[{"href":"https:\/\/www.turtlesbeach.com\/de\/wp-json\/wp\/v2\/types\/page"}],"author":[{"embeddable":true,"href":"https:\/\/www.turtlesbeach.com\/de\/wp-json\/wp\/v2\/users\/1"}],"replies":[{"embeddable":true,"href":"https:\/\/www.turtlesbeach.com\/de\/wp-json\/wp\/v2\/comments?post=4362"}],"version-history":[{"count":0,"href":"https:\/\/www.turtlesbeach.com\/de\/wp-json\/wp\/v2\/pages\/4362\/revisions"}],"wp:attachment":[{"href":"https:\/\/www.turtlesbeach.com\/de\/wp-json\/wp\/v2\/media?parent=4362"}],"curies":[{"name":"wp","href":"https:\/\/api.w.org\/{rel}","templated":true}]}}